{"id":2182,"date":"2024-10-15T09:41:12","date_gmt":"2024-10-15T07:41:12","guid":{"rendered":"https:\/\/trimos-sro.cz\/services\/road-transport-35t-cz-express-25t-eu\/"},"modified":"2024-10-25T12:29:34","modified_gmt":"2024-10-25T10:29:34","slug":"road-transport","status":"publish","type":"page","link":"https:\/\/trimos-sro.cz\/en\/services\/road-transport\/","title":{"rendered":"Road transport"},"content":{"rendered":"<div class=\"fusion-fullwidth fullwidth-box fusion-builder-row-1 fusion-flex-container nonhundred-percent-fullwidth non-hundred-percent-height-scrolling\" style=\"--awb-border-radius-top-left:0px;--awb-border-radius-top-right:0px;--awb-border-radius-bottom-right:0px;--awb-border-radius-bottom-left:0px;--awb-flex-wrap:wrap;\" ><div class=\"fusion-builder-row fusion-row fusion-flex-align-items-flex-start fusion-flex-content-wrap\" style=\"max-width:1248px;margin-left: calc(-4% \/ 2 );margin-right: calc(-4% \/ 2 );\"><div class=\"fusion-layout-column fusion_builder_column fusion-builder-column-0 fusion_builder_column_1_1 1_1 fusion-flex-column\" style=\"--awb-bg-size:cover;--awb-width-large:100%;--awb-margin-top-large:0px;--awb-spacing-right-large:1.92%;--awb-margin-bottom-large:20px;--awb-spacing-left-large:1.92%;--awb-width-medium:100%;--awb-order-medium:0;--awb-spacing-right-medium:1.92%;--awb-spacing-left-medium:1.92%;--awb-width-small:100%;--awb-order-small:0;--awb-spacing-right-small:1.92%;--awb-spacing-left-small:1.92%;\"><div class=\"fusion-column-wrapper fusion-column-has-shadow fusion-flex-justify-content-flex-start fusion-content-layout-column\"><div class=\"fusion-text fusion-text-1\"><p>We offer part load, full load transport inland up to 3,5 t and express transport in the EU up to 2,5t for agreed prices.<\/p>\n<\/div><\/div><\/div><div class=\"fusion-layout-column fusion_builder_column fusion-builder-column-1 fusion_builder_column_1_3 1_3 fusion-flex-column fusion-flex-align-self-stretch prepravaBox\" style=\"--awb-bg-color:var(--awb-color2);--awb-bg-color-hover:var(--awb-color2);--awb-bg-image:linear-gradient(113deg, rgba(1,147,222,0.7) 17%,rgba(0,101,178,0.98) 83%);--awb-bg-size:cover;--awb-width-large:33.333333333333%;--awb-margin-top-large:0px;--awb-spacing-right-large:5.76%;--awb-margin-bottom-large:20px;--awb-spacing-left-large:5.76%;--awb-width-medium:33.333333333333%;--awb-order-medium:0;--awb-spacing-right-medium:5.76%;--awb-spacing-left-medium:5.76%;--awb-width-small:100%;--awb-order-small:0;--awb-spacing-right-small:1.92%;--awb-spacing-left-small:1.92%;\"><div class=\"fusion-column-wrapper fusion-column-has-shadow fusion-flex-justify-content-flex-start fusion-content-layout-column\"><div class=\"fusion-image-carousel fusion-image-carousel-auto fusion-image-carousel-1 imgCarousel\"><div class=\"awb-carousel awb-swiper awb-swiper-carousel awb-carousel--carousel awb-swiper-dots-position-bottom\" data-layout=\"carousel\" data-autoplay=\"yes\" data-autoplayspeed=\"2500\" data-autoplaypause=\"no\" data-columns=\"1\" data-columnsmedium=\"1\" data-columnssmall=\"1\" data-itemmargin=\"13\" data-itemwidth=\"180\" data-touchscroll=\"no\" data-freemode=\"no\" data-imagesize=\"auto\" data-scrollitems=\"0\" data-centeredslides=\"no\" data-rotationangle=\"50\" data-depth=\"100\" data-speed=\"500\" data-shadow=\"no\" data-pagination=\"bullets\" style=\"--awb-columns:1;\"><div class=\"swiper-wrapper awb-image-carousel-wrapper fusion-flex-align-items-center\"><div class=\"swiper-slide\"><div class=\"fusion-carousel-item-wrapper\"><div class=\"fusion-image-wrapper hover-type-none\"><img width=\"1400\" height=\"1050\" src=\"https:\/\/trimos-sro.cz\/wp-content\/uploads\/2024\/09\/doprava-Sprinter_foto_1.jpg\" class=\"attachment-full size-full lazyload\" alt=\"\" decoding=\"async\" srcset=\"data:image\/svg+xml,%3Csvg%20xmlns%3D%27http%3A%2F%2Fwww.w3.org%2F2000%2Fsvg%27%20width%3D%271400%27%20height%3D%271050%27%20viewBox%3D%270%200%201400%201050%27%3E%3Crect%20width%3D%271400%27%20height%3D%271050%27%20fill-opacity%3D%220%22%2F%3E%3C%2Fsvg%3E\" data-orig-src=\"https:\/\/trimos-sro.cz\/wp-content\/uploads\/2024\/09\/doprava-Sprinter_foto_1.jpg\" data-srcset=\"https:\/\/trimos-sro.cz\/wp-content\/uploads\/2024\/09\/doprava-Sprinter_foto_1-200x150.jpg 200w, https:\/\/trimos-sro.cz\/wp-content\/uploads\/2024\/09\/doprava-Sprinter_foto_1-400x300.jpg 400w, https:\/\/trimos-sro.cz\/wp-content\/uploads\/2024\/09\/doprava-Sprinter_foto_1-600x450.jpg 600w, https:\/\/trimos-sro.cz\/wp-content\/uploads\/2024\/09\/doprava-Sprinter_foto_1-768x576.jpg 768w, https:\/\/trimos-sro.cz\/wp-content\/uploads\/2024\/09\/doprava-Sprinter_foto_1-800x600.jpg 800w, https:\/\/trimos-sro.cz\/wp-content\/uploads\/2024\/09\/doprava-Sprinter_foto_1-1200x900.jpg 1200w, https:\/\/trimos-sro.cz\/wp-content\/uploads\/2024\/09\/doprava-Sprinter_foto_1.jpg 1400w\" data-sizes=\"auto\" \/><\/div><\/div><\/div><div class=\"swiper-slide\"><div class=\"fusion-carousel-item-wrapper\"><div class=\"fusion-image-wrapper hover-type-none\"><img width=\"1400\" height=\"1050\" src=\"data:image\/svg+xml,%3Csvg%20xmlns%3D%27http%3A%2F%2Fwww.w3.org%2F2000%2Fsvg%27%20width%3D%271400%27%20height%3D%271050%27%20viewBox%3D%270%200%201400%201050%27%3E%3Crect%20width%3D%271400%27%20height%3D%271050%27%20fill-opacity%3D%220%22%2F%3E%3C%2Fsvg%3E\" class=\"attachment-full size-full lazyload\" alt=\"\" decoding=\"async\" data-orig-src=\"https:\/\/trimos-sro.cz\/wp-content\/uploads\/2024\/09\/doprava-Sprinter_foto_2-e1727166589754.jpg\" \/><\/div><\/div><\/div><\/div><div class=\"awb-swiper-button awb-swiper-button-prev\"><i class=\"awb-icon-angle-left\" aria-hidden=\"true\"><\/i><\/div><div class=\"awb-swiper-button awb-swiper-button-next\"><i class=\"awb-icon-angle-right\" aria-hidden=\"true\"><\/i><\/div><\/div><\/div><div class=\"content-wrap\"><div class=\"fusion-title title fusion-title-1 fusion-sep-none fusion-title-center fusion-title-text fusion-title-size-three twoLineHeading\" style=\"--awb-text-color:var(--awb-color1);--awb-font-size:1.5rem;\"><h3 class=\"fusion-title-heading title-heading-center fusion-responsive-typography-calculated\" style=\"font-family:var(--awb-typography2-font-family);font-weight:var(--awb-typography2-font-weight);font-style:var(--awb-typography2-font-style);margin:0;letter-spacing:var(--awb-typography2-letter-spacing);font-size:1em;--fontSize:22.5;line-height:var(--awb-typography2-line-height);\">Mercedes-Benz Sprinter &#8211; 5EWP<\/h3><\/div><ul style=\"--awb-textcolor:var(--awb-color1);--awb-line-height:27.2px;--awb-icon-width:27.2px;--awb-icon-height:27.2px;--awb-icon-margin:11.2px;--awb-content-margin:38.4px;\" class=\"fusion-checklist fusion-checklist-1 fusion-checklist-default type-icons\"><li class=\"fusion-li-item\" style=\"\"><span class=\"icon-wrapper circle-no\"><i class=\"fusion-li-icon fa-arrow-alt-circle-down fas\" aria-hidden=\"true\"><\/i><\/span><div class=\"fusion-li-item-content\">\n<p>load area<\/p>\n<\/div><\/li><li class=\"fusion-li-item\" style=\"\"><span class=\"icon-wrapper circle-no\"><i class=\"fusion-li-icon fa-arrow-alt-circle-right fas\" aria-hidden=\"true\"><\/i><\/span><div class=\"fusion-li-item-content\">\n<p>length: 4.2&nbsp;m<\/p>\n<\/div><\/li><li class=\"fusion-li-item\" style=\"\"><span class=\"icon-wrapper circle-no\"><i class=\"fusion-li-icon fa-arrow-alt-circle-right fas\" aria-hidden=\"true\"><\/i><\/span><div class=\"fusion-li-item-content\">\n<p>width: 1.3&nbsp;m<\/p>\n<\/div><\/li><li class=\"fusion-li-item\" style=\"\"><span class=\"icon-wrapper circle-no\"><i class=\"fusion-li-icon fa-arrow-alt-circle-right fas\" aria-hidden=\"true\"><\/i><\/span><div class=\"fusion-li-item-content\">\n<p>height: 1.9&nbsp;m<\/p>\n<\/div><\/li><li class=\"fusion-li-item\" style=\"\"><span class=\"icon-wrapper circle-no\"><i class=\"fusion-li-icon fa-arrow-alt-circle-right fas\" aria-hidden=\"true\"><\/i><\/span><div class=\"fusion-li-item-content\">\n<p>load capacity: 1.1 t<\/p>\n<\/div><\/li><\/ul><\/div><\/div><\/div><div class=\"fusion-layout-column fusion_builder_column fusion-builder-column-2 fusion_builder_column_1_3 1_3 fusion-flex-column fusion-flex-align-self-stretch prepravaBox\" style=\"--awb-bg-color:var(--awb-color2);--awb-bg-color-hover:var(--awb-color2);--awb-bg-image:linear-gradient(113deg, rgba(1,147,222,0.7) 17%,rgba(0,101,178,0.98) 83%);--awb-bg-size:cover;--awb-width-large:33.333333333333%;--awb-margin-top-large:0px;--awb-spacing-right-large:5.76%;--awb-margin-bottom-large:20px;--awb-spacing-left-large:5.76%;--awb-width-medium:33.333333333333%;--awb-order-medium:0;--awb-spacing-right-medium:5.76%;--awb-spacing-left-medium:5.76%;--awb-width-small:100%;--awb-order-small:0;--awb-spacing-right-small:1.92%;--awb-spacing-left-small:1.92%;\"><div class=\"fusion-column-wrapper fusion-column-has-shadow fusion-flex-justify-content-flex-start fusion-content-layout-column\"><div class=\"fusion-image-carousel fusion-image-carousel-auto fusion-image-carousel-2 imgCarousel\"><div class=\"awb-carousel awb-swiper awb-swiper-carousel awb-carousel--carousel awb-swiper-dots-position-bottom\" data-layout=\"carousel\" data-autoplay=\"yes\" data-autoplayspeed=\"2500\" data-autoplaypause=\"no\" data-columns=\"1\" data-columnsmedium=\"1\" data-columnssmall=\"1\" data-itemmargin=\"13\" data-itemwidth=\"180\" data-touchscroll=\"no\" data-freemode=\"no\" data-imagesize=\"auto\" data-scrollitems=\"0\" data-centeredslides=\"no\" data-rotationangle=\"50\" data-depth=\"100\" data-speed=\"500\" data-shadow=\"no\" data-pagination=\"bullets\" style=\"--awb-columns:1;\"><div class=\"swiper-wrapper awb-image-carousel-wrapper fusion-flex-align-items-center\"><div class=\"swiper-slide\"><div class=\"fusion-carousel-item-wrapper\"><div class=\"fusion-image-wrapper hover-type-none\"><img width=\"1400\" height=\"1050\" src=\"https:\/\/trimos-sro.cz\/wp-content\/uploads\/2024\/09\/doprava-Boxer_foto_1.jpg\" class=\"attachment-full size-full lazyload\" alt=\"\" decoding=\"async\" srcset=\"data:image\/svg+xml,%3Csvg%20xmlns%3D%27http%3A%2F%2Fwww.w3.org%2F2000%2Fsvg%27%20width%3D%271400%27%20height%3D%271050%27%20viewBox%3D%270%200%201400%201050%27%3E%3Crect%20width%3D%271400%27%20height%3D%271050%27%20fill-opacity%3D%220%22%2F%3E%3C%2Fsvg%3E\" data-orig-src=\"https:\/\/trimos-sro.cz\/wp-content\/uploads\/2024\/09\/doprava-Boxer_foto_1.jpg\" data-srcset=\"https:\/\/trimos-sro.cz\/wp-content\/uploads\/2024\/09\/doprava-Boxer_foto_1-200x150.jpg 200w, https:\/\/trimos-sro.cz\/wp-content\/uploads\/2024\/09\/doprava-Boxer_foto_1-400x300.jpg 400w, https:\/\/trimos-sro.cz\/wp-content\/uploads\/2024\/09\/doprava-Boxer_foto_1-600x450.jpg 600w, https:\/\/trimos-sro.cz\/wp-content\/uploads\/2024\/09\/doprava-Boxer_foto_1-768x576.jpg 768w, https:\/\/trimos-sro.cz\/wp-content\/uploads\/2024\/09\/doprava-Boxer_foto_1-800x600.jpg 800w, https:\/\/trimos-sro.cz\/wp-content\/uploads\/2024\/09\/doprava-Boxer_foto_1-1200x900.jpg 1200w, https:\/\/trimos-sro.cz\/wp-content\/uploads\/2024\/09\/doprava-Boxer_foto_1.jpg 1400w\" data-sizes=\"auto\" \/><\/div><\/div><\/div><div class=\"swiper-slide\"><div class=\"fusion-carousel-item-wrapper\"><div class=\"fusion-image-wrapper hover-type-none\"><img width=\"1400\" height=\"1050\" src=\"data:image\/svg+xml,%3Csvg%20xmlns%3D%27http%3A%2F%2Fwww.w3.org%2F2000%2Fsvg%27%20width%3D%271400%27%20height%3D%271050%27%20viewBox%3D%270%200%201400%201050%27%3E%3Crect%20width%3D%271400%27%20height%3D%271050%27%20fill-opacity%3D%220%22%2F%3E%3C%2Fsvg%3E\" class=\"attachment-full size-full lazyload\" alt=\"\" decoding=\"async\" data-orig-src=\"https:\/\/trimos-sro.cz\/wp-content\/uploads\/2024\/09\/doprava-Boxer_foto_2-e1727166612893.jpg\" \/><\/div><\/div><\/div><\/div><div class=\"awb-swiper-button awb-swiper-button-prev\"><i class=\"awb-icon-angle-left\" aria-hidden=\"true\"><\/i><\/div><div class=\"awb-swiper-button awb-swiper-button-next\"><i class=\"awb-icon-angle-right\" aria-hidden=\"true\"><\/i><\/div><\/div><\/div><div class=\"content-wrap\"><div class=\"fusion-title title fusion-title-2 fusion-sep-none fusion-title-center fusion-title-text fusion-title-size-three twoLineHeading\" style=\"--awb-text-color:var(--awb-color1);--awb-font-size:1.5rem;\"><h3 class=\"fusion-title-heading title-heading-center fusion-responsive-typography-calculated\" style=\"font-family:var(--awb-typography2-font-family);font-weight:var(--awb-typography2-font-weight);font-style:var(--awb-typography2-font-style);margin:0;letter-spacing:var(--awb-typography2-letter-spacing);font-size:1em;--fontSize:22.5;line-height:var(--awb-typography2-line-height);\">Peugeot Boxer III &#8211; 4EWP<\/h3><\/div><ul style=\"--awb-textcolor:var(--awb-color1);--awb-line-height:27.2px;--awb-icon-width:27.2px;--awb-icon-height:27.2px;--awb-icon-margin:11.2px;--awb-content-margin:38.4px;\" class=\"fusion-checklist fusion-checklist-2 fusion-checklist-default type-icons\"><li class=\"fusion-li-item\" style=\"\"><span class=\"icon-wrapper circle-no\"><i class=\"fusion-li-icon fa-arrow-alt-circle-down fas\" aria-hidden=\"true\"><\/i><\/span><div class=\"fusion-li-item-content\">\n<p>load area<\/p>\n<\/div><\/li><li class=\"fusion-li-item\" style=\"\"><span class=\"icon-wrapper circle-no\"><i class=\"fusion-li-icon fa-arrow-alt-circle-right fas\" aria-hidden=\"true\"><\/i><\/span><div class=\"fusion-li-item-content\">\n<p>length: 3.4&nbsp;m<\/p>\n<\/div><\/li><li class=\"fusion-li-item\" style=\"\"><span class=\"icon-wrapper circle-no\"><i class=\"fusion-li-icon fa-arrow-alt-circle-right fas\" aria-hidden=\"true\"><\/i><\/span><div class=\"fusion-li-item-content\">\n<p>width: 1.4&nbsp;m<\/p>\n<\/div><\/li><li class=\"fusion-li-item\" style=\"\"><span class=\"icon-wrapper circle-no\"><i class=\"fusion-li-icon fa-arrow-alt-circle-right fas\" aria-hidden=\"true\"><\/i><\/span><div class=\"fusion-li-item-content\">\n<p>height: 1.9&nbsp;m<\/p>\n<\/div><\/li><li class=\"fusion-li-item\" style=\"\"><span class=\"icon-wrapper circle-no\"><i class=\"fusion-li-icon fa-arrow-alt-circle-right fas\" aria-hidden=\"true\"><\/i><\/span><div class=\"fusion-li-item-content\">\n<p>load capacity: 1.2 t<\/p>\n<\/div><\/li><\/ul><\/div><\/div><\/div><div class=\"fusion-layout-column fusion_builder_column fusion-builder-column-3 fusion_builder_column_1_3 1_3 fusion-flex-column fusion-flex-align-self-stretch prepravaBox\" style=\"--awb-bg-color:var(--awb-color2);--awb-bg-color-hover:var(--awb-color2);--awb-bg-image:linear-gradient(113deg, rgba(1,147,222,0.7) 17%,rgba(0,101,178,0.98) 83%);--awb-bg-size:cover;--awb-width-large:33.333333333333%;--awb-margin-top-large:0px;--awb-spacing-right-large:5.76%;--awb-margin-bottom-large:20px;--awb-spacing-left-large:5.76%;--awb-width-medium:33.333333333333%;--awb-order-medium:0;--awb-spacing-right-medium:5.76%;--awb-spacing-left-medium:5.76%;--awb-width-small:100%;--awb-order-small:0;--awb-spacing-right-small:1.92%;--awb-spacing-left-small:1.92%;\"><div class=\"fusion-column-wrapper fusion-column-has-shadow fusion-flex-justify-content-flex-start fusion-content-layout-column\"><div class=\"fusion-image-carousel fusion-image-carousel-auto fusion-image-carousel-3 imgCarousel\"><div class=\"awb-carousel awb-swiper awb-swiper-carousel awb-carousel--carousel awb-swiper-dots-position-bottom\" data-layout=\"carousel\" data-autoplay=\"no\" data-autoplayspeed=\"2500\" data-autoplaypause=\"no\" data-columns=\"1\" data-columnsmedium=\"1\" data-columnssmall=\"1\" data-itemmargin=\"13\" data-itemwidth=\"180\" data-touchscroll=\"no\" data-freemode=\"no\" data-imagesize=\"auto\" data-scrollitems=\"0\" data-centeredslides=\"no\" data-rotationangle=\"50\" data-depth=\"100\" data-speed=\"500\" data-shadow=\"no\" data-pagination=\"bullets\" style=\"--awb-columns:1;\"><div class=\"swiper-wrapper awb-image-carousel-wrapper fusion-flex-align-items-center\"><div class=\"swiper-slide\"><div class=\"fusion-carousel-item-wrapper\"><div class=\"fusion-image-wrapper hover-type-none\"><img width=\"1400\" height=\"1050\" src=\"https:\/\/trimos-sro.cz\/wp-content\/uploads\/2024\/09\/doprava-privesny_vozik.jpg\" class=\"attachment-full size-full lazyload\" alt=\"\" decoding=\"async\" srcset=\"data:image\/svg+xml,%3Csvg%20xmlns%3D%27http%3A%2F%2Fwww.w3.org%2F2000%2Fsvg%27%20width%3D%271400%27%20height%3D%271050%27%20viewBox%3D%270%200%201400%201050%27%3E%3Crect%20width%3D%271400%27%20height%3D%271050%27%20fill-opacity%3D%220%22%2F%3E%3C%2Fsvg%3E\" data-orig-src=\"https:\/\/trimos-sro.cz\/wp-content\/uploads\/2024\/09\/doprava-privesny_vozik.jpg\" data-srcset=\"https:\/\/trimos-sro.cz\/wp-content\/uploads\/2024\/09\/doprava-privesny_vozik-200x150.jpg 200w, https:\/\/trimos-sro.cz\/wp-content\/uploads\/2024\/09\/doprava-privesny_vozik-400x300.jpg 400w, https:\/\/trimos-sro.cz\/wp-content\/uploads\/2024\/09\/doprava-privesny_vozik-600x450.jpg 600w, https:\/\/trimos-sro.cz\/wp-content\/uploads\/2024\/09\/doprava-privesny_vozik-768x576.jpg 768w, https:\/\/trimos-sro.cz\/wp-content\/uploads\/2024\/09\/doprava-privesny_vozik-800x600.jpg 800w, https:\/\/trimos-sro.cz\/wp-content\/uploads\/2024\/09\/doprava-privesny_vozik-1200x900.jpg 1200w, https:\/\/trimos-sro.cz\/wp-content\/uploads\/2024\/09\/doprava-privesny_vozik.jpg 1400w\" data-sizes=\"auto\" \/><\/div><\/div><\/div><\/div><div class=\"awb-swiper-button awb-swiper-button-prev\"><i class=\"awb-icon-angle-left\" aria-hidden=\"true\"><\/i><\/div><div class=\"awb-swiper-button awb-swiper-button-next\"><i class=\"awb-icon-angle-right\" aria-hidden=\"true\"><\/i><\/div><\/div><\/div><div class=\"content-wrap\"><div class=\"fusion-title title fusion-title-3 fusion-sep-none fusion-title-center fusion-title-text fusion-title-size-three twoLineHeading\" style=\"--awb-text-color:var(--awb-color1);--awb-font-size:1.5rem;\"><h3 class=\"fusion-title-heading title-heading-center fusion-responsive-typography-calculated\" style=\"font-family:var(--awb-typography2-font-family);font-weight:var(--awb-typography2-font-weight);font-style:var(--awb-typography2-font-style);margin:0;letter-spacing:var(--awb-typography2-letter-spacing);font-size:1em;--fontSize:22.5;line-height:var(--awb-typography2-line-height);\"><p>P\u0159\u00edv\u011bsn\u00fd voz\u00edk &#8211;<br \/>\n4EWP<\/p><\/h3><\/div><ul style=\"--awb-textcolor:var(--awb-color1);--awb-line-height:27.2px;--awb-icon-width:27.2px;--awb-icon-height:27.2px;--awb-icon-margin:11.2px;--awb-content-margin:38.4px;\" class=\"fusion-checklist fusion-checklist-3 fusion-checklist-default type-icons\"><li class=\"fusion-li-item\" style=\"\"><span class=\"icon-wrapper circle-no\"><i class=\"fusion-li-icon fa-arrow-alt-circle-down fas\" aria-hidden=\"true\"><\/i><\/span><div class=\"fusion-li-item-content\">\n<p>load area<\/p>\n<\/div><\/li><li class=\"fusion-li-item\" style=\"\"><span class=\"icon-wrapper circle-no\"><i class=\"fusion-li-icon fa-arrow-alt-circle-right fas\" aria-hidden=\"true\"><\/i><\/span><div class=\"fusion-li-item-content\">\n<p>length: 3.2&nbsp;m<\/p>\n<\/div><\/li><li class=\"fusion-li-item\" style=\"\"><span class=\"icon-wrapper circle-no\"><i class=\"fusion-li-icon fa-arrow-alt-circle-right fas\" aria-hidden=\"true\"><\/i><\/span><div class=\"fusion-li-item-content\">\n<p>width: 1.7&nbsp;m<\/p>\n<\/div><\/li><li class=\"fusion-li-item\" style=\"\"><span class=\"icon-wrapper circle-no\"><i class=\"fusion-li-icon fa-arrow-alt-circle-right fas\" aria-hidden=\"true\"><\/i><\/span><div class=\"fusion-li-item-content\">\n<p>height: 1.7&nbsp;m<\/p>\n<\/div><\/li><li class=\"fusion-li-item\" style=\"\"><span class=\"icon-wrapper circle-no\"><i class=\"fusion-li-icon fa-arrow-alt-circle-right fas\" aria-hidden=\"true\"><\/i><\/span><div class=\"fusion-li-item-content\">\n<p>load capacity: 1 t<\/p>\n<\/div><\/li><\/ul><\/div><\/div><\/div><\/div><\/div>\n","protected":false},"excerpt":{"rendered":"","protected":false},"author":3,"featured_media":0,"parent":1324,"menu_order":0,"comment_status":"closed","ping_status":"closed","template":"","meta":[],"yoast_head":"<!-- This site is optimized with the Yoast SEO plugin v19.3 - https:\/\/yoast.com\/wordpress\/plugins\/seo\/ -->\n<title>Road transport - TRIMOS, s.r.o.<\/title>\n<meta name=\"robots\" content=\"index, follow, max-snippet:-1, max-image-preview:large, max-video-preview:-1\" \/>\n<link rel=\"canonical\" href=\"https:\/\/trimos-sro.cz\/en\/services\/road-transport\/\" \/>\n<meta property=\"og:locale\" content=\"en_US\" \/>\n<meta property=\"og:type\" content=\"article\" \/>\n<meta property=\"og:title\" content=\"Road transport - TRIMOS, s.r.o.\" \/>\n<meta property=\"og:url\" content=\"https:\/\/trimos-sro.cz\/en\/services\/road-transport\/\" \/>\n<meta property=\"og:site_name\" content=\"TRIMOS, s.r.o.\" \/>\n<meta property=\"article:modified_time\" content=\"2024-10-25T10:29:34+00:00\" \/>\n<meta name=\"twitter:card\" content=\"summary_large_image\" \/>\n<meta name=\"twitter:label1\" content=\"Est. reading time\" \/>\n\t<meta name=\"twitter:data1\" content=\"7 minutes\" \/>\n<script type=\"application\/ld+json\" class=\"yoast-schema-graph\">{\"@context\":\"https:\/\/schema.org\",\"@graph\":[{\"@type\":\"WebSite\",\"@id\":\"https:\/\/trimos-sro.cz\/#website\",\"url\":\"https:\/\/trimos-sro.cz\/\",\"name\":\"TRIMOS, s.r.o.\",\"description\":\"Your partner for OIL&amp;GAS industry since 2003\",\"potentialAction\":[{\"@type\":\"SearchAction\",\"target\":{\"@type\":\"EntryPoint\",\"urlTemplate\":\"https:\/\/trimos-sro.cz\/?s={search_term_string}\"},\"query-input\":\"required name=search_term_string\"}],\"inLanguage\":\"en-US\"},{\"@type\":\"WebPage\",\"@id\":\"https:\/\/trimos-sro.cz\/en\/services\/road-transport\/\",\"url\":\"https:\/\/trimos-sro.cz\/en\/services\/road-transport\/\",\"name\":\"Road transport - TRIMOS, s.r.o.\",\"isPartOf\":{\"@id\":\"https:\/\/trimos-sro.cz\/#website\"},\"datePublished\":\"2024-10-15T07:41:12+00:00\",\"dateModified\":\"2024-10-25T10:29:34+00:00\",\"breadcrumb\":{\"@id\":\"https:\/\/trimos-sro.cz\/en\/services\/road-transport\/#breadcrumb\"},\"inLanguage\":\"en-US\",\"potentialAction\":[{\"@type\":\"ReadAction\",\"target\":[\"https:\/\/trimos-sro.cz\/en\/services\/road-transport\/\"]}]},{\"@type\":\"BreadcrumbList\",\"@id\":\"https:\/\/trimos-sro.cz\/en\/services\/road-transport\/#breadcrumb\",\"itemListElement\":[{\"@type\":\"ListItem\",\"position\":1,\"name\":\"Home\",\"item\":\"https:\/\/trimos-sro.cz\/en\/\"},{\"@type\":\"ListItem\",\"position\":2,\"name\":\"Services\",\"item\":\"https:\/\/trimos-sro.cz\/en\/services\/\"},{\"@type\":\"ListItem\",\"position\":3,\"name\":\"Road transport\"}]}]}<\/script>\n<!-- \/ Yoast SEO plugin. -->","yoast_head_json":{"title":"Road transport - TRIMOS, s.r.o.","robots":{"index":"index","follow":"follow","max-snippet":"max-snippet:-1","max-image-preview":"max-image-preview:large","max-video-preview":"max-video-preview:-1"},"canonical":"https:\/\/trimos-sro.cz\/en\/services\/road-transport\/","og_locale":"en_US","og_type":"article","og_title":"Road transport - TRIMOS, s.r.o.","og_url":"https:\/\/trimos-sro.cz\/en\/services\/road-transport\/","og_site_name":"TRIMOS, s.r.o.","article_modified_time":"2024-10-25T10:29:34+00:00","twitter_card":"summary_large_image","twitter_misc":{"Est. reading time":"7 minutes"},"schema":{"@context":"https:\/\/schema.org","@graph":[{"@type":"WebSite","@id":"https:\/\/trimos-sro.cz\/#website","url":"https:\/\/trimos-sro.cz\/","name":"TRIMOS, s.r.o.","description":"Your partner for OIL&amp;GAS industry since 2003","potentialAction":[{"@type":"SearchAction","target":{"@type":"EntryPoint","urlTemplate":"https:\/\/trimos-sro.cz\/?s={search_term_string}"},"query-input":"required name=search_term_string"}],"inLanguage":"en-US"},{"@type":"WebPage","@id":"https:\/\/trimos-sro.cz\/en\/services\/road-transport\/","url":"https:\/\/trimos-sro.cz\/en\/services\/road-transport\/","name":"Road transport - TRIMOS, s.r.o.","isPartOf":{"@id":"https:\/\/trimos-sro.cz\/#website"},"datePublished":"2024-10-15T07:41:12+00:00","dateModified":"2024-10-25T10:29:34+00:00","breadcrumb":{"@id":"https:\/\/trimos-sro.cz\/en\/services\/road-transport\/#breadcrumb"},"inLanguage":"en-US","potentialAction":[{"@type":"ReadAction","target":["https:\/\/trimos-sro.cz\/en\/services\/road-transport\/"]}]},{"@type":"BreadcrumbList","@id":"https:\/\/trimos-sro.cz\/en\/services\/road-transport\/#breadcrumb","itemListElement":[{"@type":"ListItem","position":1,"name":"Home","item":"https:\/\/trimos-sro.cz\/en\/"},{"@type":"ListItem","position":2,"name":"Services","item":"https:\/\/trimos-sro.cz\/en\/services\/"},{"@type":"ListItem","position":3,"name":"Road transport"}]}]}},"_links":{"self":[{"href":"https:\/\/trimos-sro.cz\/en\/wp-json\/wp\/v2\/pages\/2182"}],"collection":[{"href":"https:\/\/trimos-sro.cz\/en\/wp-json\/wp\/v2\/pages"}],"about":[{"href":"https:\/\/trimos-sro.cz\/en\/wp-json\/wp\/v2\/types\/page"}],"author":[{"embeddable":true,"href":"https:\/\/trimos-sro.cz\/en\/wp-json\/wp\/v2\/users\/3"}],"replies":[{"embeddable":true,"href":"https:\/\/trimos-sro.cz\/en\/wp-json\/wp\/v2\/comments?post=2182"}],"version-history":[{"count":5,"href":"https:\/\/trimos-sro.cz\/en\/wp-json\/wp\/v2\/pages\/2182\/revisions"}],"predecessor-version":[{"id":2215,"href":"https:\/\/trimos-sro.cz\/en\/wp-json\/wp\/v2\/pages\/2182\/revisions\/2215"}],"up":[{"embeddable":true,"href":"https:\/\/trimos-sro.cz\/en\/wp-json\/wp\/v2\/pages\/1324"}],"wp:attachment":[{"href":"https:\/\/trimos-sro.cz\/en\/wp-json\/wp\/v2\/media?parent=2182"}],"curies":[{"name":"wp","href":"https:\/\/api.w.org\/{rel}","templated":true}]}}